{"id":278,"date":"2026-01-12T12:08:16","date_gmt":"2026-01-12T12:08:16","guid":{"rendered":"https:\/\/www.tamboretsdecarabassa.com\/serveis\/musicoterapia-per-al-creixement-personal\/"},"modified":"2026-02-04T15:45:12","modified_gmt":"2026-02-04T15:45:12","slug":"musicoterapia-per-al-creixement-personal","status":"publish","type":"page","link":"https:\/\/www.tamboretsdecarabassa.com\/ca\/serveis\/musicoterapia-per-al-creixement-personal\/","title":{"rendered":"Musicoter\u00e0pia per al creixement personal"},"content":{"rendered":"\n<div class=\"wp-block-group alignfull servicio-hero is-layout-constrained wp-block-group-is-layout-constrained\" id=\"servicio-hero\">\n<div class=\"wp-block-columns is-layout-flex wp-container-core-columns-is-layout-28f84493 wp-block-columns-is-layout-flex\">\n<div class=\"wp-block-column is-vertically-aligned-center servicio-hero-left is-layout-flow wp-block-column-is-layout-flow\" style=\"flex-basis:55%\">\n<h1 class=\"wp-block-heading\"><strong>Musicoter\u00e0pia per al creixement personal<\/strong><\/h1>\n\n\n\n<p>La musicoter\u00e0pia per al creixement personal \u00e9s un cam\u00ed d&#8217;autoconeixement, expressi\u00f3 i transformaci\u00f3 a trav\u00e9s de la m\u00fasica.<\/p>\n\n\n\n<div class=\"wp-block-buttons is-layout-flex wp-block-buttons-is-layout-flex\">\n<div class=\"wp-block-button boton-whatsapp\"><a class=\"wp-block-button__link wp-element-button\" href=\"https:\/\/api.whatsapp.com\/send?phone=34667927942\" target=\"_blank\" rel=\"noreferrer noopener nofollow\">Envia&#8217;ns un WhatsApp<\/a><\/div>\n<\/div>\n<\/div>\n\n\n\n<div class=\"wp-block-column servicio-hero-right bloque-lista has-ast-global-color-5-background-color has-background is-layout-flow wp-block-column-is-layout-flow\">\n<h2 class=\"wp-block-heading\"><strong>Principals beneficis<\/strong><\/h2>\n\n\n\n<ul class=\"wp-block-list\">\n<li>Major connexi\u00f3 amb una\/un mateixa\/mateix<\/li>\n\n\n\n<li>Alliberament emocional i expressiu<\/li>\n\n\n\n<li>Millora de l&#8217;autoestima i la consci\u00e8ncia personal<\/li>\n\n\n\n<li>Desenvolupament d&#8217;habilitats socials i relacionals<\/li>\n<\/ul>\n\n\n\n<div class=\"wp-block-buttons is-layout-flex wp-block-buttons-is-layout-flex\">\n<div class=\"wp-block-button\"><a class=\"wp-block-button__link wp-element-button\" href=\"https:\/\/www.tamboretsdecarabassa.com\/ca\/contacte\/\">Consulta preus<\/a><\/div>\n<\/div>\n<\/div>\n<\/div>\n<\/div>\n\n<div class=\"wp-block-group alignfull rounded-top has-ast-global-color-6-background-color has-background is-layout-constrained wp-block-group-is-layout-constrained\">\n<div class=\"wp-block-media-text is-stacked-on-mobile\"><figure class=\"wp-block-media-text__media\"><img loading=\"lazy\" decoding=\"async\" width=\"800\" height=\"533\" src=\"https:\/\/www.tamboretsdecarabassa.com\/wp-content\/uploads\/2026\/01\/G7A9164.webp\" alt=\"Musicoter\u00e0pia per al creixement personal\" class=\"wp-image-199 size-full\" srcset=\"https:\/\/www.tamboretsdecarabassa.com\/wp-content\/uploads\/2026\/01\/G7A9164.webp 800w, https:\/\/www.tamboretsdecarabassa.com\/wp-content\/uploads\/2026\/01\/G7A9164-300x200.webp 300w, https:\/\/www.tamboretsdecarabassa.com\/wp-content\/uploads\/2026\/01\/G7A9164-768x512.webp 768w\" sizes=\"auto, (max-width: 800px) 100vw, 800px\" \/><\/figure><div class=\"wp-block-media-text__content\">\n<figure class=\"wp-block-image size-full\"><img decoding=\"async\" src=\"https:\/\/www.tamboretsdecarabassa.com\/wp-content\/uploads\/2026\/01\/cognition_50dp_E77B71_FILL0_wght400_GRAD0_opsz48.svg\" alt=\"Musicoter&#xE0;pia en alzheimer i altres dem&#xE8;ncies\" class=\"wp-image-115\"\/><\/figure>\n\n\n\n<h5 class=\"wp-block-heading\" style=\"text-transform:uppercase\">Fes el primer pas avui<\/h5>\n\n\n\n<h2 class=\"wp-block-heading\"><strong>Motius per realitzar la ter\u00e0pia<\/strong><\/h2>\n\n\n\n<ul class=\"wp-block-list\">\n<li>Per con\u00e8ixer-se millor i cr\u00e9ixer a nivell personal<\/li>\n\n\n\n<li>Per expressar-se m\u00e9s enll\u00e0 de la paraula<\/li>\n\n\n\n<li>Per treballar el benestar emocional de forma profunda i creativa<\/li>\n<\/ul>\n\n\n\n<div class=\"wp-block-buttons is-layout-flex wp-block-buttons-is-layout-flex\">\n<div class=\"wp-block-button\"><a class=\"wp-block-button__link wp-element-button\" href=\"https:\/\/www.tamboretsdecarabassa.com\/ca\/contacte\/\">Consulta preus<\/a><\/div>\n<\/div>\n<\/div><\/div>\n<\/div>\n\n<div class=\"wp-block-group alignfull rounded-top has-ast-global-color-5-background-color has-background is-layout-constrained wp-block-group-is-layout-constrained\">\n<div class=\"wp-block-media-text has-media-on-the-right is-stacked-on-mobile\"><div class=\"wp-block-media-text__content\">\n<h5 class=\"wp-block-heading\" style=\"text-transform:uppercase\">Ens adaptem a tu<\/h5>\n\n\n\n<h2 class=\"wp-block-heading\"><strong>Com s\u00f3n les sessions?<\/strong><\/h2>\n\n\n\n<ul class=\"wp-block-list\">\n<li>Aquestes sessions solen realitzar-se de forma <strong>grupal.<\/strong><\/li>\n<\/ul>\n\n\n\n<p><strong>Hem dut a terme diversos projectes puntuals en diferents associacions com Creu Roja, SOLC, CEAR&#8230; fins i tot en empreses per enfortir el team building, i en l&#8217;\u00e0mbit de serveis socials per afavorir la inclusi\u00f3 social.<\/strong><\/p>\n\n\n\n<div class=\"wp-block-buttons is-layout-flex wp-block-buttons-is-layout-flex\">\n<div class=\"wp-block-button\"><a class=\"wp-block-button__link wp-element-button\" href=\"https:\/\/www.tamboretsdecarabassa.com\/ca\/contacte\/\">Consulta preus<\/a><\/div>\n<\/div>\n<\/div><figure class=\"wp-block-media-text__media\"><img loading=\"lazy\" decoding=\"async\" width=\"800\" height=\"533\" src=\"https:\/\/www.tamboretsdecarabassa.com\/wp-content\/uploads\/2026\/01\/G7A9106.webp\" alt=\"Musicoter\u00e0pia per al creixement personal grup\" class=\"wp-image-201 size-full\" srcset=\"https:\/\/www.tamboretsdecarabassa.com\/wp-content\/uploads\/2026\/01\/G7A9106.webp 800w, https:\/\/www.tamboretsdecarabassa.com\/wp-content\/uploads\/2026\/01\/G7A9106-300x200.webp 300w, https:\/\/www.tamboretsdecarabassa.com\/wp-content\/uploads\/2026\/01\/G7A9106-768x512.webp 768w\" sizes=\"auto, (max-width: 800px) 100vw, 800px\" \/><\/figure><\/div>\n<\/div>\n","protected":false},"excerpt":{"rendered":"<p>Musicoter\u00e0pia per al creixement personal La musicoter\u00e0pia per al creixement personal \u00e9s un cam\u00ed d&#8217;autoconeixement, expressi\u00f3 i transformaci\u00f3 a trav\u00e9s [&hellip;]<\/p>\n","protected":false},"author":1,"featured_media":0,"parent":273,"menu_order":0,"comment_status":"closed","ping_status":"closed","template":"","meta":{"_acf_changed":false,"site-sidebar-layout":"default","site-content-layout":"","ast-site-content-layout":"default","site-content-style":"default","site-sidebar-style":"default","ast-global-header-display":"","ast-banner-title-visibility":"","ast-main-header-display":"","ast-hfb-above-header-display":"","ast-hfb-below-header-display":"","ast-hfb-mobile-header-display":"","site-post-title":"disabled","ast-breadcrumbs-content":"","ast-featured-img":"","footer-sml-layout":"","ast-disable-related-posts":"","theme-transparent-header-meta":"","adv-header-id-meta":"","stick-header-meta":"","header-above-stick-meta":"","header-main-stick-meta":"","header-below-stick-meta":"","astra-migrate-meta-layouts":"default","ast-page-background-enabled":"default","ast-page-background-meta":{"desktop":{"background-color":"var(--ast-global-color-5)","background-image":"","background-repeat":"repeat","background-position":"center center","background-size":"auto","background-attachment":"scroll","background-type":"","background-media":"","overlay-type":"","overlay-color":"","overlay-opacity":"","overlay-gradient":""},"tablet":{"background-color":"","background-image":"","background-repeat":"repeat","background-position":"center center","background-size":"auto","background-attachment":"scroll","background-type":"","background-media":"","overlay-type":"","overlay-color":"","overlay-opacity":"","overlay-gradient":""},"mobile":{"background-color":"","background-image":"","background-repeat":"repeat","background-position":"center center","background-size":"auto","background-attachment":"scroll","background-type":"","background-media":"","overlay-type":"","overlay-color":"","overlay-opacity":"","overlay-gradient":""}},"ast-content-background-meta":{"desktop":{"background-color":"var(--ast-global-color-4)","background-image":"","background-repeat":"repeat","background-position":"center center","background-size":"auto","background-attachment":"scroll","background-type":"","background-media":"","overlay-type":"","overlay-color":"","overlay-opacity":"","overlay-gradient":""},"tablet":{"background-color":"var(--ast-global-color-4)","background-image":"","background-repeat":"repeat","background-position":"center center","background-size":"auto","background-attachment":"scroll","background-type":"","background-media":"","overlay-type":"","overlay-color":"","overlay-opacity":"","overlay-gradient":""},"mobile":{"background-color":"var(--ast-global-color-4)","background-image":"","background-repeat":"repeat","background-position":"center center","background-size":"auto","background-attachment":"scroll","background-type":"","background-media":"","overlay-type":"","overlay-color":"","overlay-opacity":"","overlay-gradient":""}},"footnotes":""},"class_list":["post-278","page","type-page","status-publish","hentry"],"acf":[],"yoast_head":"<!-- This site is optimized with the Yoast SEO plugin v27.2 - https:\/\/yoast.com\/product\/yoast-seo-wordpress\/ -->\n<title>Musicoter\u00e0pia per al creixement personal - Musicoterapia Alcoy Alicante | Mamen Vercet Tormo<\/title>\n<meta name=\"robots\" content=\"index, follow, max-snippet:-1, max-image-preview:large, max-video-preview:-1\" \/>\n<link rel=\"canonical\" href=\"https:\/\/www.tamboretsdecarabassa.com\/ca\/serveis\/musicoterapia-per-al-creixement-personal\/\" \/>\n<meta property=\"og:locale\" content=\"ca_ES\" \/>\n<meta property=\"og:type\" content=\"article\" \/>\n<meta property=\"og:title\" content=\"Musicoter\u00e0pia per al creixement personal - Musicoterapia Alcoy Alicante | Mamen Vercet Tormo\" \/>\n<meta property=\"og:description\" content=\"Musicoter\u00e0pia per al creixement personal La musicoter\u00e0pia per al creixement personal \u00e9s un cam\u00ed d&#8217;autoconeixement, expressi\u00f3 i transformaci\u00f3 a trav\u00e9s [&hellip;]\" \/>\n<meta property=\"og:url\" content=\"https:\/\/www.tamboretsdecarabassa.com\/ca\/serveis\/musicoterapia-per-al-creixement-personal\/\" \/>\n<meta property=\"og:site_name\" content=\"Musicoterapia Alcoy Alicante | Mamen Vercet Tormo\" \/>\n<meta property=\"article:publisher\" content=\"https:\/\/www.facebook.com\/mamenvercet.musicoterapia\/\" \/>\n<meta property=\"article:modified_time\" content=\"2026-02-04T15:45:12+00:00\" \/>\n<meta property=\"og:image\" content=\"https:\/\/www.tamboretsdecarabassa.com\/wp-content\/uploads\/2026\/01\/G7A9164.webp\" \/>\n\t<meta property=\"og:image:width\" content=\"800\" \/>\n\t<meta property=\"og:image:height\" content=\"533\" \/>\n\t<meta property=\"og:image:type\" content=\"image\/webp\" \/>\n<meta name=\"twitter:card\" content=\"summary_large_image\" \/>\n<meta name=\"twitter:label1\" content=\"Temps estimat de lectura\" \/>\n\t<meta name=\"twitter:data1\" content=\"1 minut\" \/>\n<script type=\"application\/ld+json\" class=\"yoast-schema-graph\">{\"@context\":\"https:\/\/schema.org\",\"@graph\":[{\"@type\":\"WebPage\",\"@id\":\"https:\/\/www.tamboretsdecarabassa.com\/ca\/serveis\/musicoterapia-per-al-creixement-personal\/\",\"url\":\"https:\/\/www.tamboretsdecarabassa.com\/ca\/serveis\/musicoterapia-per-al-creixement-personal\/\",\"name\":\"Musicoter\u00e0pia per al creixement personal - Musicoterapia Alcoy Alicante | Mamen Vercet Tormo\",\"isPartOf\":{\"@id\":\"https:\/\/www.tamboretsdecarabassa.com\/ca\/#website\"},\"primaryImageOfPage\":{\"@id\":\"https:\/\/www.tamboretsdecarabassa.com\/ca\/serveis\/musicoterapia-per-al-creixement-personal\/#primaryimage\"},\"image\":{\"@id\":\"https:\/\/www.tamboretsdecarabassa.com\/ca\/serveis\/musicoterapia-per-al-creixement-personal\/#primaryimage\"},\"thumbnailUrl\":\"https:\/\/www.tamboretsdecarabassa.com\/wp-content\/uploads\/2026\/01\/G7A9164.webp\",\"datePublished\":\"2026-01-12T12:08:16+00:00\",\"dateModified\":\"2026-02-04T15:45:12+00:00\",\"breadcrumb\":{\"@id\":\"https:\/\/www.tamboretsdecarabassa.com\/ca\/serveis\/musicoterapia-per-al-creixement-personal\/#breadcrumb\"},\"inLanguage\":\"ca\",\"potentialAction\":[{\"@type\":\"ReadAction\",\"target\":[\"https:\/\/www.tamboretsdecarabassa.com\/ca\/serveis\/musicoterapia-per-al-creixement-personal\/\"]}]},{\"@type\":\"ImageObject\",\"inLanguage\":\"ca\",\"@id\":\"https:\/\/www.tamboretsdecarabassa.com\/ca\/serveis\/musicoterapia-per-al-creixement-personal\/#primaryimage\",\"url\":\"https:\/\/www.tamboretsdecarabassa.com\/wp-content\/uploads\/2026\/01\/G7A9164.webp\",\"contentUrl\":\"https:\/\/www.tamboretsdecarabassa.com\/wp-content\/uploads\/2026\/01\/G7A9164.webp\"},{\"@type\":\"BreadcrumbList\",\"@id\":\"https:\/\/www.tamboretsdecarabassa.com\/ca\/serveis\/musicoterapia-per-al-creixement-personal\/#breadcrumb\",\"itemListElement\":[{\"@type\":\"ListItem\",\"position\":1,\"name\":\"Portada\",\"item\":\"https:\/\/www.tamboretsdecarabassa.com\/ca\/inici\/\"},{\"@type\":\"ListItem\",\"position\":2,\"name\":\"Serveis\",\"item\":\"https:\/\/www.tamboretsdecarabassa.com\/ca\/serveis\/\"},{\"@type\":\"ListItem\",\"position\":3,\"name\":\"Musicoter\u00e0pia per al creixement personal\"}]},{\"@type\":\"WebSite\",\"@id\":\"https:\/\/www.tamboretsdecarabassa.com\/ca\/#website\",\"url\":\"https:\/\/www.tamboretsdecarabassa.com\/ca\/\",\"name\":\"Musicoterapia Alcoy Alicante | Mamen Vercet Tormo\",\"description\":\"Sesiones de musicoterapia personalizadas y adecuadas a las necesidades de cada persona o grupo. Musicoterapia en educaci\u00f3n, cl\u00ednica, prenatal, infantil.\",\"publisher\":{\"@id\":\"https:\/\/www.tamboretsdecarabassa.com\/ca\/#organization\"},\"potentialAction\":[{\"@type\":\"SearchAction\",\"target\":{\"@type\":\"EntryPoint\",\"urlTemplate\":\"https:\/\/www.tamboretsdecarabassa.com\/ca\/?s={search_term_string}\"},\"query-input\":{\"@type\":\"PropertyValueSpecification\",\"valueRequired\":true,\"valueName\":\"search_term_string\"}}],\"inLanguage\":\"ca\"},{\"@type\":\"Organization\",\"@id\":\"https:\/\/www.tamboretsdecarabassa.com\/ca\/#organization\",\"name\":\"Tamborets de Carabassa\",\"url\":\"https:\/\/www.tamboretsdecarabassa.com\/ca\/\",\"logo\":{\"@type\":\"ImageObject\",\"inLanguage\":\"ca\",\"@id\":\"https:\/\/www.tamboretsdecarabassa.com\/ca\/#\/schema\/logo\/image\/\",\"url\":\"https:\/\/www.tamboretsdecarabassa.com\/wp-content\/uploads\/2026\/01\/logo-tamborets-de-carabassa.svg\",\"contentUrl\":\"https:\/\/www.tamboretsdecarabassa.com\/wp-content\/uploads\/2026\/01\/logo-tamborets-de-carabassa.svg\",\"caption\":\"Tamborets de Carabassa\"},\"image\":{\"@id\":\"https:\/\/www.tamboretsdecarabassa.com\/ca\/#\/schema\/logo\/image\/\"},\"sameAs\":[\"https:\/\/www.facebook.com\/mamenvercet.musicoterapia\/\",\"https:\/\/www.instagram.com\/tamboretsdecarabassa\/\"]}]}<\/script>\n<!-- \/ Yoast SEO plugin. -->","yoast_head_json":{"title":"Musicoter\u00e0pia per al creixement personal - Musicoterapia Alcoy Alicante | Mamen Vercet Tormo","robots":{"index":"index","follow":"follow","max-snippet":"max-snippet:-1","max-image-preview":"max-image-preview:large","max-video-preview":"max-video-preview:-1"},"canonical":"https:\/\/www.tamboretsdecarabassa.com\/ca\/serveis\/musicoterapia-per-al-creixement-personal\/","og_locale":"ca_ES","og_type":"article","og_title":"Musicoter\u00e0pia per al creixement personal - Musicoterapia Alcoy Alicante | Mamen Vercet Tormo","og_description":"Musicoter\u00e0pia per al creixement personal La musicoter\u00e0pia per al creixement personal \u00e9s un cam\u00ed d&#8217;autoconeixement, expressi\u00f3 i transformaci\u00f3 a trav\u00e9s [&hellip;]","og_url":"https:\/\/www.tamboretsdecarabassa.com\/ca\/serveis\/musicoterapia-per-al-creixement-personal\/","og_site_name":"Musicoterapia Alcoy Alicante | Mamen Vercet Tormo","article_publisher":"https:\/\/www.facebook.com\/mamenvercet.musicoterapia\/","article_modified_time":"2026-02-04T15:45:12+00:00","og_image":[{"width":800,"height":533,"url":"https:\/\/www.tamboretsdecarabassa.com\/wp-content\/uploads\/2026\/01\/G7A9164.webp","type":"image\/webp"}],"twitter_card":"summary_large_image","twitter_misc":{"Temps estimat de lectura":"1 minut"},"schema":{"@context":"https:\/\/schema.org","@graph":[{"@type":"WebPage","@id":"https:\/\/www.tamboretsdecarabassa.com\/ca\/serveis\/musicoterapia-per-al-creixement-personal\/","url":"https:\/\/www.tamboretsdecarabassa.com\/ca\/serveis\/musicoterapia-per-al-creixement-personal\/","name":"Musicoter\u00e0pia per al creixement personal - Musicoterapia Alcoy Alicante | Mamen Vercet Tormo","isPartOf":{"@id":"https:\/\/www.tamboretsdecarabassa.com\/ca\/#website"},"primaryImageOfPage":{"@id":"https:\/\/www.tamboretsdecarabassa.com\/ca\/serveis\/musicoterapia-per-al-creixement-personal\/#primaryimage"},"image":{"@id":"https:\/\/www.tamboretsdecarabassa.com\/ca\/serveis\/musicoterapia-per-al-creixement-personal\/#primaryimage"},"thumbnailUrl":"https:\/\/www.tamboretsdecarabassa.com\/wp-content\/uploads\/2026\/01\/G7A9164.webp","datePublished":"2026-01-12T12:08:16+00:00","dateModified":"2026-02-04T15:45:12+00:00","breadcrumb":{"@id":"https:\/\/www.tamboretsdecarabassa.com\/ca\/serveis\/musicoterapia-per-al-creixement-personal\/#breadcrumb"},"inLanguage":"ca","potentialAction":[{"@type":"ReadAction","target":["https:\/\/www.tamboretsdecarabassa.com\/ca\/serveis\/musicoterapia-per-al-creixement-personal\/"]}]},{"@type":"ImageObject","inLanguage":"ca","@id":"https:\/\/www.tamboretsdecarabassa.com\/ca\/serveis\/musicoterapia-per-al-creixement-personal\/#primaryimage","url":"https:\/\/www.tamboretsdecarabassa.com\/wp-content\/uploads\/2026\/01\/G7A9164.webp","contentUrl":"https:\/\/www.tamboretsdecarabassa.com\/wp-content\/uploads\/2026\/01\/G7A9164.webp"},{"@type":"BreadcrumbList","@id":"https:\/\/www.tamboretsdecarabassa.com\/ca\/serveis\/musicoterapia-per-al-creixement-personal\/#breadcrumb","itemListElement":[{"@type":"ListItem","position":1,"name":"Portada","item":"https:\/\/www.tamboretsdecarabassa.com\/ca\/inici\/"},{"@type":"ListItem","position":2,"name":"Serveis","item":"https:\/\/www.tamboretsdecarabassa.com\/ca\/serveis\/"},{"@type":"ListItem","position":3,"name":"Musicoter\u00e0pia per al creixement personal"}]},{"@type":"WebSite","@id":"https:\/\/www.tamboretsdecarabassa.com\/ca\/#website","url":"https:\/\/www.tamboretsdecarabassa.com\/ca\/","name":"Musicoterapia Alcoy Alicante | Mamen Vercet Tormo","description":"Sesiones de musicoterapia personalizadas y adecuadas a las necesidades de cada persona o grupo. Musicoterapia en educaci\u00f3n, cl\u00ednica, prenatal, infantil.","publisher":{"@id":"https:\/\/www.tamboretsdecarabassa.com\/ca\/#organization"},"potentialAction":[{"@type":"SearchAction","target":{"@type":"EntryPoint","urlTemplate":"https:\/\/www.tamboretsdecarabassa.com\/ca\/?s={search_term_string}"},"query-input":{"@type":"PropertyValueSpecification","valueRequired":true,"valueName":"search_term_string"}}],"inLanguage":"ca"},{"@type":"Organization","@id":"https:\/\/www.tamboretsdecarabassa.com\/ca\/#organization","name":"Tamborets de Carabassa","url":"https:\/\/www.tamboretsdecarabassa.com\/ca\/","logo":{"@type":"ImageObject","inLanguage":"ca","@id":"https:\/\/www.tamboretsdecarabassa.com\/ca\/#\/schema\/logo\/image\/","url":"https:\/\/www.tamboretsdecarabassa.com\/wp-content\/uploads\/2026\/01\/logo-tamborets-de-carabassa.svg","contentUrl":"https:\/\/www.tamboretsdecarabassa.com\/wp-content\/uploads\/2026\/01\/logo-tamborets-de-carabassa.svg","caption":"Tamborets de Carabassa"},"image":{"@id":"https:\/\/www.tamboretsdecarabassa.com\/ca\/#\/schema\/logo\/image\/"},"sameAs":["https:\/\/www.facebook.com\/mamenvercet.musicoterapia\/","https:\/\/www.instagram.com\/tamboretsdecarabassa\/"]}]}},"_links":{"self":[{"href":"https:\/\/www.tamboretsdecarabassa.com\/ca\/wp-json\/wp\/v2\/pages\/278","targetHints":{"allow":["GET"]}}],"collection":[{"href":"https:\/\/www.tamboretsdecarabassa.com\/ca\/wp-json\/wp\/v2\/pages"}],"about":[{"href":"https:\/\/www.tamboretsdecarabassa.com\/ca\/wp-json\/wp\/v2\/types\/page"}],"author":[{"embeddable":true,"href":"https:\/\/www.tamboretsdecarabassa.com\/ca\/wp-json\/wp\/v2\/users\/1"}],"replies":[{"embeddable":true,"href":"https:\/\/www.tamboretsdecarabassa.com\/ca\/wp-json\/wp\/v2\/comments?post=278"}],"version-history":[{"count":1,"href":"https:\/\/www.tamboretsdecarabassa.com\/ca\/wp-json\/wp\/v2\/pages\/278\/revisions"}],"predecessor-version":[{"id":279,"href":"https:\/\/www.tamboretsdecarabassa.com\/ca\/wp-json\/wp\/v2\/pages\/278\/revisions\/279"}],"up":[{"embeddable":true,"href":"https:\/\/www.tamboretsdecarabassa.com\/ca\/wp-json\/wp\/v2\/pages\/273"}],"wp:attachment":[{"href":"https:\/\/www.tamboretsdecarabassa.com\/ca\/wp-json\/wp\/v2\/media?parent=278"}],"curies":[{"name":"wp","href":"https:\/\/api.w.org\/{rel}","templated":true}]}}